{"id":162,"date":"2018-04-25T09:16:16","date_gmt":"2018-04-25T09:16:16","guid":{"rendered":"http:\/\/demo.themefreesia.com\/photograph\/?page_id=8"},"modified":"2023-07-04T19:07:19","modified_gmt":"2023-07-04T19:07:19","slug":"about-us","status":"publish","type":"page","link":"https:\/\/www.luciamoron.com.ar\/index.php\/about-us\/","title":{"rendered":"Biograf\u00eda"},"content":{"rendered":"<h2>Luc\u00eda Mor\u00f3n naci\u00f3 en Buenos Aires, Argentina. Es artista visual, arquitecta, comisaria y docente. Sus proyectos vinculan la fotograf\u00eda con el collage, el dibujo, la escritura y el archivo familiar.<\/h2>\n<p>En el \u00e1mbito de la gesti\u00f3n se interesa particularmente por la difusi\u00f3n y visibilidad de artistas latinoamericanos.<\/p>\n<p>En el a\u00f1o 2021 fue ganadora de la Beca Grisart en Barcelona en donde reside actualmente.<\/p>\n<p>En el 2022 fue seleccionada como artista residente en el Castillo de Montjuic durante 6 meses y se desempe\u00f1\u00f3 como comisaria de la Exposici\u00f3n de Fotolibros Latinoamericanos del Festival Panoramic junto a Mar\u00eda Guti\u00e9rrez.<\/p>\n<p>Este a\u00f1o result\u00f3 ganadora de la Convocatoria del Festival Luminic en Barcelona, seleccionada entre los 10 Laureates de todo el mundo en el Prix Dior Photography and Visual Arts Award del Festival de Rencontres D\u00b4Arles 2023 (Francia), ganadora como trabajo destacado en la categor\u00eda \u201cResignificar los archivos\u201d del Poy Latam, seleccionada entre los 10 ganadores del Open Call Festival Panoramic, elegida como una de los cuatro expositores en el KBR Flama 2023 (Espa\u00f1a) y ganadora con su proyecto \u201cTe amo. Yo tampoco.\u201d en la sexta edici\u00f3n de \u201cEl Proyector 2023\u201d de Fundaci\u00f3 Foto Colectania (Espa\u00f1a).<\/p>\n<p>Sus obras fueron expuestas en el museo Somerset House y el Palacio de Westminster en Londres, y en el Festival de Les Rencontres d\u00b4Arles 2022\/2023, entre otros.<\/p>\n<blockquote><p>En el \u00e1mbito fotogr\u00e1fico se especializa en el autorretrato, la fotograf\u00eda conceptual y la manipulaci\u00f3n \/ intervenci\u00f3n del material de archivo. Actualmente sus trabajos exploran las herencias y mandatos familiares, sociales, el amor y el matrimonio, el territorio del cuerpo, sus heridas visibles e invisibles, la resiliencia, y la belleza de lo indicado imperfecto.<\/p><\/blockquote>\n","protected":false},"excerpt":{"rendered":"<p>Luc\u00eda Mor\u00f3n naci\u00f3 en Buenos Aires, Argentina. Es artista visual, arquitecta, comisaria y docente. Sus proyectos vinculan la fotograf\u00eda con el collage, el dibujo, la&hellip; <\/p>\n","protected":false},"author":2,"featured_media":337,"parent":0,"menu_order":0,"comment_status":"closed","ping_status":"closed","template":"page-templates\/aboutus-template.php","meta":{"footnotes":""},"jetpack_sharing_enabled":true,"_links":{"self":[{"href":"https:\/\/www.luciamoron.com.ar\/index.php\/wp-json\/wp\/v2\/pages\/162"}],"collection":[{"href":"https:\/\/www.luciamoron.com.ar\/index.php\/wp-json\/wp\/v2\/pages"}],"about":[{"href":"https:\/\/www.luciamoron.com.ar\/index.php\/wp-json\/wp\/v2\/types\/page"}],"author":[{"embeddable":true,"href":"https:\/\/www.luciamoron.com.ar\/index.php\/wp-json\/wp\/v2\/users\/2"}],"replies":[{"embeddable":true,"href":"https:\/\/www.luciamoron.com.ar\/index.php\/wp-json\/wp\/v2\/comments?post=162"}],"version-history":[{"count":5,"href":"https:\/\/www.luciamoron.com.ar\/index.php\/wp-json\/wp\/v2\/pages\/162\/revisions"}],"predecessor-version":[{"id":435,"href":"https:\/\/www.luciamoron.com.ar\/index.php\/wp-json\/wp\/v2\/pages\/162\/revisions\/435"}],"wp:featuredmedia":[{"embeddable":true,"href":"https:\/\/www.luciamoron.com.ar\/index.php\/wp-json\/wp\/v2\/media\/337"}],"wp:attachment":[{"href":"https:\/\/www.luciamoron.com.ar\/index.php\/wp-json\/wp\/v2\/media?parent=162"}],"curies":[{"name":"wp","href":"https:\/\/api.w.org\/{rel}","templated":true}]}}