{"id":294,"date":"2022-06-22T02:37:12","date_gmt":"2022-06-22T02:37:12","guid":{"rendered":"http:\/\/luciamoron.com.ar\/?page_id=294"},"modified":"2023-07-04T20:47:24","modified_gmt":"2023-07-04T20:47:24","slug":"te-amo-yo-tampoco","status":"publish","type":"page","link":"https:\/\/www.luciamoron.com.ar\/index.php\/te-amo-yo-tampoco\/","title":{"rendered":"Te Amo. Yo Tampoco"},"content":{"rendered":"<h2>Proyecto: &#8220;Te amo. Yo tampoco&#8221;.<\/h2>\n<p>Autora: Luc\u00eda Mor\u00f3n<\/p>\n<p style=\"text-align: center;\"><em>Hace un tiempo acompa\u00f1\u00e9 a mi mam\u00e1 a vaciar la casa de mi abuela.<br \/>\nDecid\u00ed quedarme con dos cosas:<br \/>\nuna foto de ella de peque\u00f1a sosteniendo un rifle,<br \/>\ny su vestido de novia con el cual yo iba a casarme.<br \/>\nRecord\u00e9 que el mismo d\u00eda que ella falleci\u00f3 (hace 10 a\u00f1os) decid\u00ed ponerle fin<br \/>\na mi relaci\u00f3n con Alejandro.<br \/>\nDesde entonces no volv\u00ed a enamorarme.<\/em><\/p>\n<p><em><br \/>\n<\/em><em><\/em><\/p>\n<p>La gente se sigue casando. Muchas mujeres lo desean y expresan como objetivo de vida. Nadie se cuestiona demasiado de d\u00f3nde surge dicha pulsi\u00f3n.<\/p>\n<p>Los casamientos son como una pel\u00edcula de final predecible, que se repite una y otra vez, con el mismo gui\u00f3n. Las fotos son siempre iguales, las de mi abuela, las de mi mam\u00e1 y las de mis amigas. No importa cu\u00e1nto tiempo pase.<\/p>\n<p>Me cri\u00e9 con pel\u00edculas de princesas que necesitan de su pr\u00edncipe azul para vivir, con el miedo de ser \u201cla solterona de la familia\u201d, so\u00f1ando con un vestido de novia sin siquiera tener un novio con quien casarme.<\/p>\n<p>A veces siento que nac\u00ed con un chip rom\u00e1ntico. Me encantar\u00eda saber d\u00f3nde est\u00e1 para arrancarlo.<\/p>\n<blockquote><p>\u201cTe amo. Yo tampoco.\u201d es un proyecto que indaga sobre aquellos mandatos sociales, culturales y familiares, que muchas mujeres arrastramos en torno al amor y al matrimonio. Es un di\u00e1logo entre herencias adheridas a una imagen del pasado y un presente que intenta rebelarse. Una conversaci\u00f3n con mi familia a trav\u00e9s de sus fotograf\u00edas de bodas y mis autorretratos. Un intento por romper, o al menos cuestionar, el paradigma del amor rom\u00e1ntico.<\/p><\/blockquote>\n<h6 style=\"text-align: right;\">\n<a href=\"https:\/\/www.luciamoron.com.ar\/index.php\/2022\/07\/01\/te-amo-yo-tampoco\/\">Ver galer\u00eda de imagenes<\/a><\/h6>\n","protected":false},"excerpt":{"rendered":"<p>Proyecto: &#8220;Te amo. Yo tampoco&#8221;. Autora: Luc\u00eda Mor\u00f3n Hace un tiempo acompa\u00f1\u00e9 a mi mam\u00e1 a vaciar la casa de mi abuela. Decid\u00ed quedarme con&hellip; <\/p>\n","protected":false},"author":2,"featured_media":340,"parent":0,"menu_order":0,"comment_status":"closed","ping_status":"closed","template":"page-templates\/aboutus-template.php","meta":{"footnotes":""},"jetpack_sharing_enabled":true,"_links":{"self":[{"href":"https:\/\/www.luciamoron.com.ar\/index.php\/wp-json\/wp\/v2\/pages\/294"}],"collection":[{"href":"https:\/\/www.luciamoron.com.ar\/index.php\/wp-json\/wp\/v2\/pages"}],"about":[{"href":"https:\/\/www.luciamoron.com.ar\/index.php\/wp-json\/wp\/v2\/types\/page"}],"author":[{"embeddable":true,"href":"https:\/\/www.luciamoron.com.ar\/index.php\/wp-json\/wp\/v2\/users\/2"}],"replies":[{"embeddable":true,"href":"https:\/\/www.luciamoron.com.ar\/index.php\/wp-json\/wp\/v2\/comments?post=294"}],"version-history":[{"count":9,"href":"https:\/\/www.luciamoron.com.ar\/index.php\/wp-json\/wp\/v2\/pages\/294\/revisions"}],"predecessor-version":[{"id":460,"href":"https:\/\/www.luciamoron.com.ar\/index.php\/wp-json\/wp\/v2\/pages\/294\/revisions\/460"}],"wp:featuredmedia":[{"embeddable":true,"href":"https:\/\/www.luciamoron.com.ar\/index.php\/wp-json\/wp\/v2\/media\/340"}],"wp:attachment":[{"href":"https:\/\/www.luciamoron.com.ar\/index.php\/wp-json\/wp\/v2\/media?parent=294"}],"curies":[{"name":"wp","href":"https:\/\/api.w.org\/{rel}","templated":true}]}}