{"id":296,"date":"2022-06-22T02:37:26","date_gmt":"2022-06-22T02:37:26","guid":{"rendered":"http:\/\/luciamoron.com.ar\/?page_id=296"},"modified":"2023-07-04T19:28:49","modified_gmt":"2023-07-04T19:28:49","slug":"los-irrompibles","status":"publish","type":"page","link":"https:\/\/www.luciamoron.com.ar\/index.php\/los-irrompibles\/","title":{"rendered":"Irrompibles"},"content":{"rendered":"<h2>Proyecto: &#8220;Irrompibles&#8221;<\/h2>\n<p>Autora: Luc\u00eda Mor\u00f3n<\/p>\n<blockquote><p>\u201cPiel, recuerdos, trozos que la memoria asegura haber vivido para completar el rompecabezas. Huellas como las de un papel que se pliega y guarda sus marcas, se recrea para volver a ser. Volverse otro, re &#8211; mirarse, volver a plegar el papel, a escribir la historia.\u201d<\/p><\/blockquote>\n<p>Despu\u00e9s de mi accidente mi mam\u00e1 se sent\u00f3 a mi lado y compar\u00f3 la vida con una hoja de papel. Cuando algo duro nos pasa, la doblamos, agregamos pliegues y, por m\u00e1s que la estiremos, ya est\u00e1 marcada. Seg\u00fan ella, vivir ser\u00eda algo as\u00ed como hacer origami: mientras que algunos s\u00f3lo har\u00e1n un bollo con la hoja y la tirar\u00e1n a la basura, los m\u00e1s resilientes podr\u00e1n hacer una linda pajarita, otros estrellas, otros flores. Son aquellas marcas las que nos hacen \u00fanicos, sobrevivientes, imperfectos, las que nos hablan del dolor, pero tambi\u00e9n de nuestra fortaleza, de la reconstrucci\u00f3n, y de la capacidad de resiliencia que muchos descubrimos luego de una situaci\u00f3n extrema.<\/p>\n<p>El 23 de Julio del 2015 un coche se estrell\u00f3 contra la puerta del coche donde viajaba. M\u00e1s de 15 huesos fracturados. Una p\u00e9rdida de memoria y consciencia que me hicieron despertar a\u00fan m\u00e1s consciente. Un graffiti que descubr\u00ed un a\u00f1o m\u00e1s tarde desde una de las c\u00e1maras de seguridad del accidente que dec\u00eda: \u201cLos irrompibles\u201d. Un cuerpo que se rompi\u00f3, pero que tambi\u00e9n supo reconstruirse.<\/p>\n<blockquote><p>&#8220;Nadie se estrella queriendo, qu\u00e9 forma m\u00e1s clara de no reconocer al otro, que la de llevarnos a nosotros mismos al extremo de estrellarnos con el otro no visto, no reconocido, no aceptado ni como igual siquiera, sino como inexistente.&#8221;- Roberto Huarcaya<\/p><\/blockquote>\n<h6 style=\"text-align: right;\"><a href=\"https:\/\/www.luciamoron.com.ar\/index.php\/2022\/07\/01\/los-irrompibles\/\">Ver galer\u00eda de imagenes<\/a><\/h6>\n","protected":false},"excerpt":{"rendered":"<p>Proyecto: &#8220;Irrompibles&#8221; Autora: Luc\u00eda Mor\u00f3n \u201cPiel, recuerdos, trozos que la memoria asegura haber vivido para completar el rompecabezas. Huellas como las de un papel que&hellip; <\/p>\n","protected":false},"author":2,"featured_media":341,"parent":0,"menu_order":0,"comment_status":"closed","ping_status":"closed","template":"page-templates\/aboutus-template.php","meta":{"footnotes":""},"jetpack_sharing_enabled":true,"_links":{"self":[{"href":"https:\/\/www.luciamoron.com.ar\/index.php\/wp-json\/wp\/v2\/pages\/296"}],"collection":[{"href":"https:\/\/www.luciamoron.com.ar\/index.php\/wp-json\/wp\/v2\/pages"}],"about":[{"href":"https:\/\/www.luciamoron.com.ar\/index.php\/wp-json\/wp\/v2\/types\/page"}],"author":[{"embeddable":true,"href":"https:\/\/www.luciamoron.com.ar\/index.php\/wp-json\/wp\/v2\/users\/2"}],"replies":[{"embeddable":true,"href":"https:\/\/www.luciamoron.com.ar\/index.php\/wp-json\/wp\/v2\/comments?post=296"}],"version-history":[{"count":6,"href":"https:\/\/www.luciamoron.com.ar\/index.php\/wp-json\/wp\/v2\/pages\/296\/revisions"}],"predecessor-version":[{"id":437,"href":"https:\/\/www.luciamoron.com.ar\/index.php\/wp-json\/wp\/v2\/pages\/296\/revisions\/437"}],"wp:featuredmedia":[{"embeddable":true,"href":"https:\/\/www.luciamoron.com.ar\/index.php\/wp-json\/wp\/v2\/media\/341"}],"wp:attachment":[{"href":"https:\/\/www.luciamoron.com.ar\/index.php\/wp-json\/wp\/v2\/media?parent=296"}],"curies":[{"name":"wp","href":"https:\/\/api.w.org\/{rel}","templated":true}]}}