{"id":320,"date":"2022-07-01T12:26:29","date_gmt":"2022-07-01T12:26:29","guid":{"rendered":"http:\/\/luciamoron.com.ar\/?page_id=320"},"modified":"2022-07-01T18:31:22","modified_gmt":"2022-07-01T18:31:22","slug":"siniestro-total","status":"publish","type":"page","link":"https:\/\/www.luciamoron.com.ar\/index.php\/siniestro-total\/","title":{"rendered":"Siniestro total"},"content":{"rendered":"<h2>Proyecto: &#8220;Siniestro total&#8221;<\/h2>\n<p>Autora: Luc\u00eda Mor\u00f3n<\/p>\n<p>Hace 5 a\u00f1os fui v\u00edctima de un accidente de tr\u00e1nsito. Adem\u00e1s del da\u00f1o f\u00edsico, tuve p\u00e9rdida de conciencia y de memoria. Recuerdo que mientras me encontraba internada en el hospital, me comentaron que el auto en el que yo iba hab\u00eda sido enviado al desarmadero por &#8220;destrucci\u00f3n total&#8221;. Esta serie forma parte de mi proyecto &#8220;Los irrompibles&#8221;. Rompo im\u00e1genes, las pego, las vuelvo a romper y a pegar, varias veces, las pinto con pintura similar a la del veh\u00edculo de mi accidente, imitando la manera en la que se repara la chapa de un auto da\u00f1ado; aunque en este caso las marcas (o heridas) no desaparecen. Me pregunto si es posible la destrucci\u00f3n total de un cuerpo y de un recuerdo.<\/p>\n<h6 style=\"text-align: right;\"><a href=\"https:\/\/www.luciamoron.com.ar\/index.php\/2022\/07\/01\/siniestro-total\/\">Ver galer\u00eda de imagenes<\/a><\/h6>\n","protected":false},"excerpt":{"rendered":"<p>Proyecto: &#8220;Siniestro total&#8221; Autora: Luc\u00eda Mor\u00f3n Hace 5 a\u00f1os fui v\u00edctima de un accidente de tr\u00e1nsito. Adem\u00e1s del da\u00f1o f\u00edsico, tuve p\u00e9rdida de conciencia y&hellip; <\/p>\n","protected":false},"author":2,"featured_media":339,"parent":0,"menu_order":0,"comment_status":"closed","ping_status":"closed","template":"page-templates\/aboutus-template.php","meta":{"footnotes":""},"jetpack_sharing_enabled":true,"_links":{"self":[{"href":"https:\/\/www.luciamoron.com.ar\/index.php\/wp-json\/wp\/v2\/pages\/320"}],"collection":[{"href":"https:\/\/www.luciamoron.com.ar\/index.php\/wp-json\/wp\/v2\/pages"}],"about":[{"href":"https:\/\/www.luciamoron.com.ar\/index.php\/wp-json\/wp\/v2\/types\/page"}],"author":[{"embeddable":true,"href":"https:\/\/www.luciamoron.com.ar\/index.php\/wp-json\/wp\/v2\/users\/2"}],"replies":[{"embeddable":true,"href":"https:\/\/www.luciamoron.com.ar\/index.php\/wp-json\/wp\/v2\/comments?post=320"}],"version-history":[{"count":5,"href":"https:\/\/www.luciamoron.com.ar\/index.php\/wp-json\/wp\/v2\/pages\/320\/revisions"}],"predecessor-version":[{"id":383,"href":"https:\/\/www.luciamoron.com.ar\/index.php\/wp-json\/wp\/v2\/pages\/320\/revisions\/383"}],"wp:featuredmedia":[{"embeddable":true,"href":"https:\/\/www.luciamoron.com.ar\/index.php\/wp-json\/wp\/v2\/media\/339"}],"wp:attachment":[{"href":"https:\/\/www.luciamoron.com.ar\/index.php\/wp-json\/wp\/v2\/media?parent=320"}],"curies":[{"name":"wp","href":"https:\/\/api.w.org\/{rel}","templated":true}]}}